{"id":79,"date":"2024-01-23T12:12:48","date_gmt":"2024-01-23T12:12:48","guid":{"rendered":"https:\/\/atelier-chris.ch\/?page_id=79"},"modified":"2024-01-26T17:04:49","modified_gmt":"2024-01-26T17:04:49","slug":"angebote","status":"publish","type":"page","link":"https:\/\/atelier-chris.ch\/index.php\/angebote\/","title":{"rendered":"Angebote im Atelier"},"content":{"rendered":"\n<div class=\"wp-block-group alignfull has-accent-background-color has-background has-global-padding is-layout-constrained wp-container-core-group-is-layout-669513ed wp-block-group-is-layout-constrained\" style=\"margin-top:0;margin-bottom:0;padding-top:var(--wp--preset--spacing--50);padding-right:var(--wp--preset--spacing--50);padding-bottom:var(--wp--preset--spacing--50);padding-left:var(--wp--preset--spacing--50)\">\n<div class=\"wp-block-columns alignwide is-layout-flex wp-container-core-columns-is-layout-1da03c2a wp-block-columns-is-layout-flex\">\n<div class=\"wp-block-column is-vertically-aligned-stretch is-layout-flow wp-block-column-is-layout-flow\" style=\"flex-basis:50%\">\n<div class=\"wp-block-group is-vertical is-content-justification-stretch is-layout-flex wp-container-core-group-is-layout-444d5ee8 wp-block-group-is-layout-flex\" style=\"min-height:100%\">\n<p class=\"has-large-font-size\">Spannende &amp; kreative Kurse, Workshops und offene Ateliers erwarten Sie &#8211; einfach auf &#8222;<strong><a href=\"https:\/\/atelier-allegra.ch\/agenda\/\" target=\"_blank\" rel=\"noreferrer noopener\">Agenda&#8220; klicken. <\/a><\/strong><\/p>\n\n\n\n<p class=\"has-contrast-2-color has-text-color has-link-color has-large-font-size wp-elements-9b8d1a644743c5cd42d3ef5d6fc5b88d\">Neu buchbar <a href=\"https:\/\/atelier-chris.ch\/wp-content\/uploads\/2024\/01\/Offene-Ateliers-_Donnerstag-Atelierplatz.pdf\" target=\"_blank\" rel=\"noreferrer noopener\">&#8222;offene Ateliers &#8211; dein Platz f\u00fcr eigene Arbeiten<\/a>.&#8220;<\/p>\n\n\n\n<p>Wir werken, gestalten, malen, entwerfen, verwerfen, skizzieren, drucken und modellieren. Das Atelier Allegra steht allen Menschen offen, die ihre eigene Kreativit\u00e4t finden oder ausleben m\u00f6chten. Vorkenntnisse sind nicht n\u00f6tig. <\/p>\n\n\n\n<div class=\"wp-block-group has-global-padding is-content-justification-left is-layout-constrained wp-container-core-group-is-layout-9fe8ed88 wp-block-group-is-layout-constrained\">\n<div class=\"wp-block-buttons is-layout-flex wp-block-buttons-is-layout-flex\">\n<div class=\"wp-block-button\" id=\"https:\/\/atelier-allegra.ch\/agenda\/\"><a class=\"wp-block-button__link wp-element-button\" href=\"https:\/\/atelier-allegra.ch\/agenda\/\" target=\"_blank\" rel=\"https:\/\/atelier-allegra.ch\/agenda\/ noopener\">Hier geht&#8217;s zur Agenda<\/a><\/div>\n<\/div>\n<\/div>\n<\/div>\n<\/div>\n\n\n\n<div class=\"wp-block-column is-vertically-aligned-center is-layout-flow wp-block-column-is-layout-flow\" style=\"flex-basis:50%\">\n<figure class=\"wp-block-gallery has-nested-images columns-3 is-cropped wp-block-gallery-8 is-layout-flex wp-block-gallery-is-layout-flex\">\n<figure class=\"wp-block-image size-large is-style-rounded is-style-rounded--1\"><img fetchpriority=\"high\" decoding=\"async\" width=\"1024\" height=\"768\" data-id=\"42\" src=\"https:\/\/atelier-chris.ch\/wp-content\/uploads\/2024\/01\/B9F18FFC-D043-4762-B900-9610F1468B34_1_105_c.jpeg\" alt=\"\" class=\"wp-image-42\" srcset=\"https:\/\/atelier-chris.ch\/wp-content\/uploads\/2024\/01\/B9F18FFC-D043-4762-B900-9610F1468B34_1_105_c.jpeg 1024w, https:\/\/atelier-chris.ch\/wp-content\/uploads\/2024\/01\/B9F18FFC-D043-4762-B900-9610F1468B34_1_105_c-300x225.jpeg 300w, https:\/\/atelier-chris.ch\/wp-content\/uploads\/2024\/01\/B9F18FFC-D043-4762-B900-9610F1468B34_1_105_c-768x576.jpeg 768w\" sizes=\"(max-width: 1024px) 100vw, 1024px\" \/><\/figure>\n\n\n\n<figure class=\"wp-block-image size-large is-style-rounded is-style-rounded--2\"><img decoding=\"async\" width=\"1024\" height=\"768\" data-id=\"48\" src=\"https:\/\/atelier-chris.ch\/wp-content\/uploads\/2024\/01\/Gross-IMG_0259-1024x768.jpeg\" alt=\"\" class=\"wp-image-48\" srcset=\"https:\/\/atelier-chris.ch\/wp-content\/uploads\/2024\/01\/Gross-IMG_0259-1024x768.jpeg 1024w, https:\/\/atelier-chris.ch\/wp-content\/uploads\/2024\/01\/Gross-IMG_0259-300x225.jpeg 300w, https:\/\/atelier-chris.ch\/wp-content\/uploads\/2024\/01\/Gross-IMG_0259-768x576.jpeg 768w, https:\/\/atelier-chris.ch\/wp-content\/uploads\/2024\/01\/Gross-IMG_0259.jpeg 1280w\" sizes=\"(max-width: 1024px) 100vw, 1024px\" \/><\/figure>\n\n\n\n<figure class=\"wp-block-image size-large is-style-rounded is-style-rounded--3\"><img decoding=\"async\" width=\"1024\" height=\"768\" data-id=\"47\" src=\"https:\/\/atelier-chris.ch\/wp-content\/uploads\/2024\/01\/Gross-IMG_0258-1024x768.jpeg\" alt=\"\" class=\"wp-image-47\" srcset=\"https:\/\/atelier-chris.ch\/wp-content\/uploads\/2024\/01\/Gross-IMG_0258-1024x768.jpeg 1024w, https:\/\/atelier-chris.ch\/wp-content\/uploads\/2024\/01\/Gross-IMG_0258-300x225.jpeg 300w, https:\/\/atelier-chris.ch\/wp-content\/uploads\/2024\/01\/Gross-IMG_0258-768x576.jpeg 768w, https:\/\/atelier-chris.ch\/wp-content\/uploads\/2024\/01\/Gross-IMG_0258.jpeg 1280w\" sizes=\"(max-width: 1024px) 100vw, 1024px\" \/><\/figure>\n\n\n\n<figure class=\"wp-block-image size-large is-style-rounded is-style-rounded--4\"><img loading=\"lazy\" decoding=\"async\" width=\"1024\" height=\"768\" data-id=\"45\" src=\"https:\/\/atelier-chris.ch\/wp-content\/uploads\/2024\/01\/F049CB7E-A3AF-4977-AA8F-B0E4AD660F6A_1_105_c.jpeg\" alt=\"\" class=\"wp-image-45\" srcset=\"https:\/\/atelier-chris.ch\/wp-content\/uploads\/2024\/01\/F049CB7E-A3AF-4977-AA8F-B0E4AD660F6A_1_105_c.jpeg 1024w, https:\/\/atelier-chris.ch\/wp-content\/uploads\/2024\/01\/F049CB7E-A3AF-4977-AA8F-B0E4AD660F6A_1_105_c-300x225.jpeg 300w, https:\/\/atelier-chris.ch\/wp-content\/uploads\/2024\/01\/F049CB7E-A3AF-4977-AA8F-B0E4AD660F6A_1_105_c-768x576.jpeg 768w\" sizes=\"(max-width: 1024px) 100vw, 1024px\" \/><\/figure>\n\n\n\n<figure class=\"wp-block-image size-large is-style-rounded is-style-rounded--5\"><img loading=\"lazy\" decoding=\"async\" width=\"1024\" height=\"768\" data-id=\"34\" src=\"https:\/\/atelier-chris.ch\/wp-content\/uploads\/2024\/01\/7F57FCFE-E2CD-4521-B352-5BF74BE25E38_1_105_c.jpeg\" alt=\"\" class=\"wp-image-34\" srcset=\"https:\/\/atelier-chris.ch\/wp-content\/uploads\/2024\/01\/7F57FCFE-E2CD-4521-B352-5BF74BE25E38_1_105_c.jpeg 1024w, https:\/\/atelier-chris.ch\/wp-content\/uploads\/2024\/01\/7F57FCFE-E2CD-4521-B352-5BF74BE25E38_1_105_c-300x225.jpeg 300w, https:\/\/atelier-chris.ch\/wp-content\/uploads\/2024\/01\/7F57FCFE-E2CD-4521-B352-5BF74BE25E38_1_105_c-768x576.jpeg 768w\" sizes=\"(max-width: 1024px) 100vw, 1024px\" \/><\/figure>\n\n\n\n<figure class=\"wp-block-image size-large is-style-rounded is-style-rounded--6\"><img loading=\"lazy\" decoding=\"async\" width=\"953\" height=\"824\" data-id=\"43\" src=\"https:\/\/atelier-chris.ch\/wp-content\/uploads\/2024\/01\/B45B5162-BAA4-4265-89F9-0039F0149999_1_105_c.jpeg\" alt=\"\" class=\"wp-image-43\" srcset=\"https:\/\/atelier-chris.ch\/wp-content\/uploads\/2024\/01\/B45B5162-BAA4-4265-89F9-0039F0149999_1_105_c.jpeg 953w, https:\/\/atelier-chris.ch\/wp-content\/uploads\/2024\/01\/B45B5162-BAA4-4265-89F9-0039F0149999_1_105_c-300x259.jpeg 300w, https:\/\/atelier-chris.ch\/wp-content\/uploads\/2024\/01\/B45B5162-BAA4-4265-89F9-0039F0149999_1_105_c-768x664.jpeg 768w\" sizes=\"(max-width: 953px) 100vw, 953px\" \/><\/figure>\n\n\n\n<figure class=\"wp-block-image size-large is-style-rounded is-style-rounded--7\"><img loading=\"lazy\" decoding=\"async\" width=\"1024\" height=\"768\" data-id=\"44\" src=\"https:\/\/atelier-chris.ch\/wp-content\/uploads\/2024\/01\/E163F31E-2A6B-4C1D-8856-E110AFC14406_1_105_c.jpeg\" alt=\"\" class=\"wp-image-44\" srcset=\"https:\/\/atelier-chris.ch\/wp-content\/uploads\/2024\/01\/E163F31E-2A6B-4C1D-8856-E110AFC14406_1_105_c.jpeg 1024w, https:\/\/atelier-chris.ch\/wp-content\/uploads\/2024\/01\/E163F31E-2A6B-4C1D-8856-E110AFC14406_1_105_c-300x225.jpeg 300w, https:\/\/atelier-chris.ch\/wp-content\/uploads\/2024\/01\/E163F31E-2A6B-4C1D-8856-E110AFC14406_1_105_c-768x576.jpeg 768w\" sizes=\"(max-width: 1024px) 100vw, 1024px\" \/><\/figure>\n<\/figure>\n<\/div>\n<\/div>\n<\/div>\n\n\n\n<hr class=\"wp-block-separator has-css-opacity is-style-default\"\/>\n\n\n<figure class=\"wp-block-image aligncenter size-full is-resized is-style-rounded\"><img loading=\"lazy\" decoding=\"async\" width=\"206\" height=\"288\" class=\"wp-image-35\" style=\"aspect-ratio: 1; object-fit: cover; width: 150px;\" src=\"https:\/\/atelier-chris.ch\/wp-content\/uploads\/2024\/01\/14D89CD4-6752-4AE2-AC32-4F978C64FA98_4_5005_c.jpeg\" alt=\"\" \/><\/figure>\n\n\n<blockquote class=\"wp-block-quote has-text-align-center is-style-large has-small-font-size is-layout-flow wp-block-quote-is-layout-flow\">\n<p class=\"has-medium-font-size\">\u201eDu tauchst in die Farbenwelt ein. Dabei entstehen spielerisch eigene Kompositionen.\u201c<\/p>\n<cite>Chris Husi-Ramseier<\/cite><\/blockquote>\n\n\n\n<hr class=\"wp-block-separator has-css-opacity is-style-default\"\/>\n\n\n\n<p><\/p>\n","protected":false},"excerpt":{"rendered":"<p>Spannende &amp; kreative Kurse, Workshops und offene Ateliers erwarten Sie &#8211; einfach auf &#8222;Agenda&#8220; klicken. Neu buchbar &#8222;offene Ateliers &#8211; dein Platz f\u00fcr eigene Arbeiten.&#8220; Wir werken, gestalten, malen, entwerfen, verwerfen, skizzieren, drucken und modellieren. Das Atelier Allegra steht allen Menschen offen, die ihre eigene Kreativit\u00e4t finden oder ausleben m\u00f6chten. Vorkenntnisse sind nicht n\u00f6tig. \u201eDu [&hellip;]<\/p>\n","protected":false},"author":1,"featured_media":0,"parent":0,"menu_order":0,"comment_status":"closed","ping_status":"closed","template":"","meta":{"footnotes":""},"class_list":["post-79","page","type-page","status-publish","hentry"],"yoast_head":"<!-- This site is optimized with the Yoast SEO plugin v27.4 - https:\/\/yoast.com\/product\/yoast-seo-wordpress\/ -->\n<title>Angebote im Atelier - Atelier Chris<\/title>\n<meta name=\"description\" content=\"Angebote im Atelier Allegra. Wir werken, gestalten, malen, entwerfen, verwerfen, skizzieren, drucken und modellieren.Das Atelier Allegra steht allen Menschen offen, die ihre eigene Kreativit\u00e4t finden oder ausleben m\u00f6chten. Vorkenntnisse sind nicht n\u00f6tig. \u2028\" \/>\n<meta name=\"robots\" content=\"index, follow, max-snippet:-1, max-image-preview:large, max-video-preview:-1\" \/>\n<link rel=\"canonical\" href=\"https:\/\/atelier-chris.ch\/index.php\/angebote\/\" \/>\n<meta property=\"og:locale\" content=\"de_DE\" \/>\n<meta property=\"og:type\" content=\"article\" \/>\n<meta property=\"og:title\" content=\"Angebote im Atelier - Atelier Chris\" \/>\n<meta property=\"og:description\" content=\"Angebote im Atelier Allegra. Wir werken, gestalten, malen, entwerfen, verwerfen, skizzieren, drucken und modellieren.Das Atelier Allegra steht allen Menschen offen, die ihre eigene Kreativit\u00e4t finden oder ausleben m\u00f6chten. Vorkenntnisse sind nicht n\u00f6tig. \u2028\" \/>\n<meta property=\"og:url\" content=\"https:\/\/atelier-chris.ch\/index.php\/angebote\/\" \/>\n<meta property=\"og:site_name\" content=\"Atelier Chris\" \/>\n<meta property=\"article:modified_time\" content=\"2024-01-26T17:04:49+00:00\" \/>\n<meta property=\"og:image\" content=\"https:\/\/atelier-chris.ch\/wp-content\/uploads\/2024\/01\/B9F18FFC-D043-4762-B900-9610F1468B34_1_105_c.jpeg\" \/>\n<meta name=\"twitter:card\" content=\"summary_large_image\" \/>\n<meta name=\"twitter:label1\" content=\"Gesch\u00e4tzte Lesezeit\" \/>\n\t<meta name=\"twitter:data1\" content=\"2\u00a0Minuten\" \/>\n<script type=\"application\/ld+json\" class=\"yoast-schema-graph\">{\"@context\":\"https:\\\/\\\/schema.org\",\"@graph\":[{\"@type\":\"WebPage\",\"@id\":\"https:\\\/\\\/atelier-chris.ch\\\/index.php\\\/angebote\\\/\",\"url\":\"https:\\\/\\\/atelier-chris.ch\\\/index.php\\\/angebote\\\/\",\"name\":\"Angebote im Atelier - Atelier Chris\",\"isPartOf\":{\"@id\":\"https:\\\/\\\/atelier-chris.ch\\\/#website\"},\"primaryImageOfPage\":{\"@id\":\"https:\\\/\\\/atelier-chris.ch\\\/index.php\\\/angebote\\\/#primaryimage\"},\"image\":{\"@id\":\"https:\\\/\\\/atelier-chris.ch\\\/index.php\\\/angebote\\\/#primaryimage\"},\"thumbnailUrl\":\"https:\\\/\\\/atelier-chris.ch\\\/wp-content\\\/uploads\\\/2024\\\/01\\\/B9F18FFC-D043-4762-B900-9610F1468B34_1_105_c.jpeg\",\"datePublished\":\"2024-01-23T12:12:48+00:00\",\"dateModified\":\"2024-01-26T17:04:49+00:00\",\"description\":\"Angebote im Atelier Allegra. Wir werken, gestalten, malen, entwerfen, verwerfen, skizzieren, drucken und modellieren.Das Atelier Allegra steht allen Menschen offen, die ihre eigene Kreativit\u00e4t finden oder ausleben m\u00f6chten. Vorkenntnisse sind nicht n\u00f6tig. \\u2028\",\"breadcrumb\":{\"@id\":\"https:\\\/\\\/atelier-chris.ch\\\/index.php\\\/angebote\\\/#breadcrumb\"},\"inLanguage\":\"de\",\"potentialAction\":[{\"@type\":\"ReadAction\",\"target\":[\"https:\\\/\\\/atelier-chris.ch\\\/index.php\\\/angebote\\\/\"]}]},{\"@type\":\"ImageObject\",\"inLanguage\":\"de\",\"@id\":\"https:\\\/\\\/atelier-chris.ch\\\/index.php\\\/angebote\\\/#primaryimage\",\"url\":\"https:\\\/\\\/atelier-chris.ch\\\/wp-content\\\/uploads\\\/2024\\\/01\\\/B9F18FFC-D043-4762-B900-9610F1468B34_1_105_c.jpeg\",\"contentUrl\":\"https:\\\/\\\/atelier-chris.ch\\\/wp-content\\\/uploads\\\/2024\\\/01\\\/B9F18FFC-D043-4762-B900-9610F1468B34_1_105_c.jpeg\",\"width\":1024,\"height\":768},{\"@type\":\"BreadcrumbList\",\"@id\":\"https:\\\/\\\/atelier-chris.ch\\\/index.php\\\/angebote\\\/#breadcrumb\",\"itemListElement\":[{\"@type\":\"ListItem\",\"position\":1,\"name\":\"Startseite\",\"item\":\"https:\\\/\\\/atelier-chris.ch\\\/\"},{\"@type\":\"ListItem\",\"position\":2,\"name\":\"Angebote im Atelier\"}]},{\"@type\":\"WebSite\",\"@id\":\"https:\\\/\\\/atelier-chris.ch\\\/#website\",\"url\":\"https:\\\/\\\/atelier-chris.ch\\\/\",\"name\":\"Atelier Chris\",\"description\":\"Malerin und Gestaltungsp\u00e4dagogin \",\"publisher\":{\"@id\":\"https:\\\/\\\/atelier-chris.ch\\\/#organization\"},\"potentialAction\":[{\"@type\":\"SearchAction\",\"target\":{\"@type\":\"EntryPoint\",\"urlTemplate\":\"https:\\\/\\\/atelier-chris.ch\\\/?s={search_term_string}\"},\"query-input\":{\"@type\":\"PropertyValueSpecification\",\"valueRequired\":true,\"valueName\":\"search_term_string\"}}],\"inLanguage\":\"de\"},{\"@type\":\"Organization\",\"@id\":\"https:\\\/\\\/atelier-chris.ch\\\/#organization\",\"name\":\"Atelier Chris\",\"url\":\"https:\\\/\\\/atelier-chris.ch\\\/\",\"logo\":{\"@type\":\"ImageObject\",\"inLanguage\":\"de\",\"@id\":\"https:\\\/\\\/atelier-chris.ch\\\/#\\\/schema\\\/logo\\\/image\\\/\",\"url\":\"https:\\\/\\\/atelier-chris.ch\\\/wp-content\\\/uploads\\\/2024\\\/01\\\/0C9A7C29-3C8F-4FD6-A5B3-B257555BFCCE_1_201_a-scaled.jpeg\",\"contentUrl\":\"https:\\\/\\\/atelier-chris.ch\\\/wp-content\\\/uploads\\\/2024\\\/01\\\/0C9A7C29-3C8F-4FD6-A5B3-B257555BFCCE_1_201_a-scaled.jpeg\",\"width\":2560,\"height\":1175,\"caption\":\"Atelier Chris\"},\"image\":{\"@id\":\"https:\\\/\\\/atelier-chris.ch\\\/#\\\/schema\\\/logo\\\/image\\\/\"}}]}<\/script>\n<!-- \/ Yoast SEO plugin. -->","yoast_head_json":{"title":"Angebote im Atelier - Atelier Chris","description":"Angebote im Atelier Allegra. Wir werken, gestalten, malen, entwerfen, verwerfen, skizzieren, drucken und modellieren.Das Atelier Allegra steht allen Menschen offen, die ihre eigene Kreativit\u00e4t finden oder ausleben m\u00f6chten. Vorkenntnisse sind nicht n\u00f6tig. \u2028","robots":{"index":"index","follow":"follow","max-snippet":"max-snippet:-1","max-image-preview":"max-image-preview:large","max-video-preview":"max-video-preview:-1"},"canonical":"https:\/\/atelier-chris.ch\/index.php\/angebote\/","og_locale":"de_DE","og_type":"article","og_title":"Angebote im Atelier - Atelier Chris","og_description":"Angebote im Atelier Allegra. Wir werken, gestalten, malen, entwerfen, verwerfen, skizzieren, drucken und modellieren.Das Atelier Allegra steht allen Menschen offen, die ihre eigene Kreativit\u00e4t finden oder ausleben m\u00f6chten. Vorkenntnisse sind nicht n\u00f6tig. \u2028","og_url":"https:\/\/atelier-chris.ch\/index.php\/angebote\/","og_site_name":"Atelier Chris","article_modified_time":"2024-01-26T17:04:49+00:00","og_image":[{"url":"https:\/\/atelier-chris.ch\/wp-content\/uploads\/2024\/01\/B9F18FFC-D043-4762-B900-9610F1468B34_1_105_c.jpeg","type":"","width":"","height":""}],"twitter_card":"summary_large_image","twitter_misc":{"Gesch\u00e4tzte Lesezeit":"2\u00a0Minuten"},"schema":{"@context":"https:\/\/schema.org","@graph":[{"@type":"WebPage","@id":"https:\/\/atelier-chris.ch\/index.php\/angebote\/","url":"https:\/\/atelier-chris.ch\/index.php\/angebote\/","name":"Angebote im Atelier - Atelier Chris","isPartOf":{"@id":"https:\/\/atelier-chris.ch\/#website"},"primaryImageOfPage":{"@id":"https:\/\/atelier-chris.ch\/index.php\/angebote\/#primaryimage"},"image":{"@id":"https:\/\/atelier-chris.ch\/index.php\/angebote\/#primaryimage"},"thumbnailUrl":"https:\/\/atelier-chris.ch\/wp-content\/uploads\/2024\/01\/B9F18FFC-D043-4762-B900-9610F1468B34_1_105_c.jpeg","datePublished":"2024-01-23T12:12:48+00:00","dateModified":"2024-01-26T17:04:49+00:00","description":"Angebote im Atelier Allegra. Wir werken, gestalten, malen, entwerfen, verwerfen, skizzieren, drucken und modellieren.Das Atelier Allegra steht allen Menschen offen, die ihre eigene Kreativit\u00e4t finden oder ausleben m\u00f6chten. Vorkenntnisse sind nicht n\u00f6tig. \u2028","breadcrumb":{"@id":"https:\/\/atelier-chris.ch\/index.php\/angebote\/#breadcrumb"},"inLanguage":"de","potentialAction":[{"@type":"ReadAction","target":["https:\/\/atelier-chris.ch\/index.php\/angebote\/"]}]},{"@type":"ImageObject","inLanguage":"de","@id":"https:\/\/atelier-chris.ch\/index.php\/angebote\/#primaryimage","url":"https:\/\/atelier-chris.ch\/wp-content\/uploads\/2024\/01\/B9F18FFC-D043-4762-B900-9610F1468B34_1_105_c.jpeg","contentUrl":"https:\/\/atelier-chris.ch\/wp-content\/uploads\/2024\/01\/B9F18FFC-D043-4762-B900-9610F1468B34_1_105_c.jpeg","width":1024,"height":768},{"@type":"BreadcrumbList","@id":"https:\/\/atelier-chris.ch\/index.php\/angebote\/#breadcrumb","itemListElement":[{"@type":"ListItem","position":1,"name":"Startseite","item":"https:\/\/atelier-chris.ch\/"},{"@type":"ListItem","position":2,"name":"Angebote im Atelier"}]},{"@type":"WebSite","@id":"https:\/\/atelier-chris.ch\/#website","url":"https:\/\/atelier-chris.ch\/","name":"Atelier Chris","description":"Malerin und Gestaltungsp\u00e4dagogin ","publisher":{"@id":"https:\/\/atelier-chris.ch\/#organization"},"potentialAction":[{"@type":"SearchAction","target":{"@type":"EntryPoint","urlTemplate":"https:\/\/atelier-chris.ch\/?s={search_term_string}"},"query-input":{"@type":"PropertyValueSpecification","valueRequired":true,"valueName":"search_term_string"}}],"inLanguage":"de"},{"@type":"Organization","@id":"https:\/\/atelier-chris.ch\/#organization","name":"Atelier Chris","url":"https:\/\/atelier-chris.ch\/","logo":{"@type":"ImageObject","inLanguage":"de","@id":"https:\/\/atelier-chris.ch\/#\/schema\/logo\/image\/","url":"https:\/\/atelier-chris.ch\/wp-content\/uploads\/2024\/01\/0C9A7C29-3C8F-4FD6-A5B3-B257555BFCCE_1_201_a-scaled.jpeg","contentUrl":"https:\/\/atelier-chris.ch\/wp-content\/uploads\/2024\/01\/0C9A7C29-3C8F-4FD6-A5B3-B257555BFCCE_1_201_a-scaled.jpeg","width":2560,"height":1175,"caption":"Atelier Chris"},"image":{"@id":"https:\/\/atelier-chris.ch\/#\/schema\/logo\/image\/"}}]}},"_links":{"self":[{"href":"https:\/\/atelier-chris.ch\/index.php\/wp-json\/wp\/v2\/pages\/79","targetHints":{"allow":["GET"]}}],"collection":[{"href":"https:\/\/atelier-chris.ch\/index.php\/wp-json\/wp\/v2\/pages"}],"about":[{"href":"https:\/\/atelier-chris.ch\/index.php\/wp-json\/wp\/v2\/types\/page"}],"author":[{"embeddable":true,"href":"https:\/\/atelier-chris.ch\/index.php\/wp-json\/wp\/v2\/users\/1"}],"replies":[{"embeddable":true,"href":"https:\/\/atelier-chris.ch\/index.php\/wp-json\/wp\/v2\/comments?post=79"}],"version-history":[{"count":16,"href":"https:\/\/atelier-chris.ch\/index.php\/wp-json\/wp\/v2\/pages\/79\/revisions"}],"predecessor-version":[{"id":172,"href":"https:\/\/atelier-chris.ch\/index.php\/wp-json\/wp\/v2\/pages\/79\/revisions\/172"}],"wp:attachment":[{"href":"https:\/\/atelier-chris.ch\/index.php\/wp-json\/wp\/v2\/media?parent=79"}],"curies":[{"name":"wp","href":"https:\/\/api.w.org\/{rel}","templated":true}]}}